{"id":146,"date":"2018-11-02T11:55:21","date_gmt":"2018-11-02T14:55:21","guid":{"rendered":"http:\/\/itibana.com.br\/?page_id=146"},"modified":"2018-11-02T17:17:42","modified_gmt":"2018-11-02T20:17:42","slug":"produtos","status":"publish","type":"page","link":"http:\/\/itibana.com.br\/index.php\/produtos\/","title":{"rendered":"Produtos"},"content":{"rendered":"<p>N\u00f3s entregamos no seu estabelecimento, entre em contato.\u00a0<a href=\"http:\/\/itibana.com.br\/index.php\/contato\/\">Clique aqui<\/a>\u00a0e saiba mais sobre a disponibilidade de entrega!<\/p>\n<p>&nbsp;<\/p>\n<p><img loading=\"lazy\" decoding=\"async\" src=\"http:\/\/itibana.com.br\/wp-content\/uploads\/2018\/11\/12299145052190-300x300.jpg\" alt=\"\" width=\"111\" height=\"111\" class=\" wp-image-152 alignleft\" srcset=\"http:\/\/itibana.com.br\/wp-content\/uploads\/2018\/11\/12299145052190-300x300.jpg 300w, http:\/\/itibana.com.br\/wp-content\/uploads\/2018\/11\/12299145052190-150x150.jpg 150w, http:\/\/itibana.com.br\/wp-content\/uploads\/2018\/11\/12299145052190-768x768.jpg 768w, http:\/\/itibana.com.br\/wp-content\/uploads\/2018\/11\/12299145052190-1024x1024.jpg 1024w, http:\/\/itibana.com.br\/wp-content\/uploads\/2018\/11\/12299145052190.jpg 1200w\" sizes=\"(max-width: 111px) 100vw, 111px\" \/><strong>Banana Nanica<\/strong><\/p>\n<p>Caixa de Madeira 22kg<br \/>\nCaixa Pl\u00e1stica 16kg<\/p>\n<p>&nbsp;<\/p>\n<hr \/>\n<p><img loading=\"lazy\" decoding=\"async\" src=\"http:\/\/itibana.com.br\/wp-content\/uploads\/2018\/11\/banana-prata-300x300.jpg\" alt=\"\" width=\"110\" height=\"110\" class=\" wp-image-151 alignleft\" srcset=\"http:\/\/itibana.com.br\/wp-content\/uploads\/2018\/11\/banana-prata-300x300.jpg 300w, http:\/\/itibana.com.br\/wp-content\/uploads\/2018\/11\/banana-prata-150x150.jpg 150w, http:\/\/itibana.com.br\/wp-content\/uploads\/2018\/11\/banana-prata-768x768.jpg 768w, http:\/\/itibana.com.br\/wp-content\/uploads\/2018\/11\/banana-prata-1024x1024.jpg 1024w, http:\/\/itibana.com.br\/wp-content\/uploads\/2018\/11\/banana-prata.jpg 1200w\" sizes=\"(max-width: 110px) 100vw, 110px\" \/><strong>Banana Prata<\/strong><\/p>\n<p>Caixa de Madeira 22kg<br \/>\nCaixa Pl\u00e1stica 16kg<\/p>\n<p>&nbsp;<\/p>\n<hr \/>\n<p><img loading=\"lazy\" decoding=\"async\" src=\"http:\/\/itibana.com.br\/wp-content\/uploads\/2018\/11\/muda-de-banana-mac-somente-envio-expresso-D_NQ_NP_795884-MLB26882654019_022018-F-300x200.jpg\" alt=\"\" width=\"115\" height=\"76\" class=\"wp-image-150 alignleft\" srcset=\"http:\/\/itibana.com.br\/wp-content\/uploads\/2018\/11\/muda-de-banana-mac-somente-envio-expresso-D_NQ_NP_795884-MLB26882654019_022018-F-300x200.jpg 300w, http:\/\/itibana.com.br\/wp-content\/uploads\/2018\/11\/muda-de-banana-mac-somente-envio-expresso-D_NQ_NP_795884-MLB26882654019_022018-F-768x512.jpg 768w, http:\/\/itibana.com.br\/wp-content\/uploads\/2018\/11\/muda-de-banana-mac-somente-envio-expresso-D_NQ_NP_795884-MLB26882654019_022018-F-1024x683.jpg 1024w, http:\/\/itibana.com.br\/wp-content\/uploads\/2018\/11\/muda-de-banana-mac-somente-envio-expresso-D_NQ_NP_795884-MLB26882654019_022018-F-360x240.jpg 360w, http:\/\/itibana.com.br\/wp-content\/uploads\/2018\/11\/muda-de-banana-mac-somente-envio-expresso-D_NQ_NP_795884-MLB26882654019_022018-F.jpg 1200w\" sizes=\"(max-width: 115px) 100vw, 115px\" \/><strong>Banana Ma\u00e7\u00e3<\/strong><\/p>\n<p>Caixa de Madeira 22kg<br \/>\nCaixa Pl\u00e1stica 16kg<\/p>\n<hr \/>\n<p>&nbsp;<\/p>\n","protected":false},"excerpt":{"rendered":"<p>N\u00f3s entregamos no seu estabelecimento, entre em contato.\u00a0Clique aqui\u00a0e saiba mais sobre a disponibilidade de entrega! &nbsp; Banana Nanica Caixa de Madeira 22kg Caixa Pl\u00e1stica 16kg &nbsp; Banana Prata Caixa de Madeira 22kg Caixa Pl\u00e1stica 16kg &nbsp; Banana Ma\u00e7\u00e3 Caixa de Madeira 22kg Caixa Pl\u00e1stica 16kg &nbsp;<\/p>\n","protected":false},"author":1,"featured_media":80,"parent":0,"menu_order":0,"comment_status":"closed","ping_status":"closed","template":"","meta":{"footnotes":""},"_links":{"self":[{"href":"http:\/\/itibana.com.br\/index.php\/wp-json\/wp\/v2\/pages\/146"}],"collection":[{"href":"http:\/\/itibana.com.br\/index.php\/wp-json\/wp\/v2\/pages"}],"about":[{"href":"http:\/\/itibana.com.br\/index.php\/wp-json\/wp\/v2\/types\/page"}],"author":[{"embeddable":true,"href":"http:\/\/itibana.com.br\/index.php\/wp-json\/wp\/v2\/users\/1"}],"replies":[{"embeddable":true,"href":"http:\/\/itibana.com.br\/index.php\/wp-json\/wp\/v2\/comments?post=146"}],"version-history":[{"count":5,"href":"http:\/\/itibana.com.br\/index.php\/wp-json\/wp\/v2\/pages\/146\/revisions"}],"predecessor-version":[{"id":179,"href":"http:\/\/itibana.com.br\/index.php\/wp-json\/wp\/v2\/pages\/146\/revisions\/179"}],"wp:featuredmedia":[{"embeddable":true,"href":"http:\/\/itibana.com.br\/index.php\/wp-json\/wp\/v2\/media\/80"}],"wp:attachment":[{"href":"http:\/\/itibana.com.br\/index.php\/wp-json\/wp\/v2\/media?parent=146"}],"curies":[{"name":"wp","href":"https:\/\/api.w.org\/{rel}","templated":true}]}}