{"id":8,"date":"2018-10-24T09:24:23","date_gmt":"2018-10-24T12:24:23","guid":{"rendered":"http:\/\/itibana.com.br\/?page_id=8"},"modified":"2025-08-19T10:02:07","modified_gmt":"2025-08-19T13:02:07","slug":"pagina-inicial","status":"publish","type":"page","link":"http:\/\/itibana.com.br\/","title":{"rendered":"P\u00e1gina inicial"},"content":{"rendered":"\t\t<div class=\"elementor elementor-8\">\n\t\t\t<div class=\"elementor-inner\">\n\t\t\t\t<div class=\"elementor-section-wrap\">\n\t\t\t\t\t\t\t<section data-id=\"3ea468bc\" class=\"elementor-element elementor-element-3ea468bc elementor-section-boxed elementor-section-height-default elementor-section-height-default elementor-section elementor-top-section\" data-element_type=\"section\">\n\t\t\t\t\t\t<div class=\"elementor-container elementor-column-gap-default\">\n\t\t\t\t<div class=\"elementor-row\">\n\t\t\t\t<div data-id=\"5240a6c1\" class=\"elementor-element elementor-element-5240a6c1 elementor-column elementor-col-100 elementor-top-column\" data-element_type=\"column\">\n\t\t\t<div class=\"elementor-column-wrap elementor-element-populated\">\n\t\t\t\t\t<div class=\"elementor-widget-wrap\">\n\t\t\t\t<div data-id=\"39b53c3d\" class=\"elementor-element elementor-element-39b53c3d elementor-widget elementor-widget-text-editor\" data-element_type=\"text-editor.default\">\n\t\t\t\t<div class=\"elementor-widget-container\">\n\t\t\t\t\t<div class=\"elementor-text-editor elementor-clearfix\"><p><img loading=\"lazy\" decoding=\"async\" src=\"http:\/\/itibana.com.br\/wp-content\/uploads\/2018\/10\/Logo-Itibana-site.png\" class=\"aligncenter size-full wp-image-28\" alt=\"\" width=\"167\" height=\"50\" \/><\/p><hr \/><p><span>Completamos 23 anos de grandes parcerias! Durante todo este tempo nos dedicamos para entregar o melhor produto desde a produ\u00e7\u00e3o at\u00e9 a distribui\u00e7\u00e3o. Agradecemos \u00e0 todos nossos clientes, parceiros e colaboradores que fizeram ou fazem parte da nossa hist\u00f3ria, muito obrigado!\u00a0<\/span><\/p><p><span><br \/>A Itibana Hortifruti come\u00e7ou a atuar na regi\u00e3o de Catanduva no in\u00edcio dos anos 2000, hoje atendemos clientes nas regi\u00f5es de Catanduva, Bauru, Ol\u00edmpia, Barretos, Ribeir\u00e3o Preto, Jundia\u00ed, S\u00e3o Paulo e Curitiba. Nossa banana vem da regi\u00e3o do Vale do Ribeira no litoral sul do Estado de S\u00e3o Paulo, s\u00e3o bananas de qualidade e com um diferencial, o sabor!<\/span><br \/><span><a href=\"http:\/\/itibana.com.br\/index.php\/contato\/\">Clique aqui<\/a><\/span><span>\u00a0entre em contato conosco e saiba mais sobre a disponibilidade de entrega na sua cidade, teremos o maior prazer em atend\u00ea-lo!<\/span><\/p><\/div>\n\t\t\t\t<\/div>\n\t\t\t\t<\/div>\n\t\t\t\t\t\t<\/div>\n\t\t\t<\/div>\n\t\t<\/div>\n\t\t\t\t\t\t<\/div>\n\t\t\t<\/div>\n\t\t<\/section>\n\t\t\t\t\t\t<\/div>\n\t\t\t<\/div>\n\t\t<\/div>\n\t\t","protected":false},"excerpt":{"rendered":"<p>Completamos 25 anos de grandes parcerias! Durante todo este tempo nos dedicamos para entregar o melhor produto desde a produ\u00e7\u00e3o at\u00e9 a distribui\u00e7\u00e3o. Agradecemos \u00e0 todos nossos clientes, parceiros e colaboradores que fizeram ou fazem parte da nossa hist\u00f3ria, muito obrigado!&nbsp; A Itibana Hortifruti come\u00e7ou a atuar na regi\u00e3o de<\/p>\n","protected":false},"author":1,"featured_media":78,"parent":0,"menu_order":0,"comment_status":"closed","ping_status":"closed","template":"","meta":{"footnotes":""},"_links":{"self":[{"href":"http:\/\/itibana.com.br\/index.php\/wp-json\/wp\/v2\/pages\/8"}],"collection":[{"href":"http:\/\/itibana.com.br\/index.php\/wp-json\/wp\/v2\/pages"}],"about":[{"href":"http:\/\/itibana.com.br\/index.php\/wp-json\/wp\/v2\/types\/page"}],"author":[{"embeddable":true,"href":"http:\/\/itibana.com.br\/index.php\/wp-json\/wp\/v2\/users\/1"}],"replies":[{"embeddable":true,"href":"http:\/\/itibana.com.br\/index.php\/wp-json\/wp\/v2\/comments?post=8"}],"version-history":[{"count":24,"href":"http:\/\/itibana.com.br\/index.php\/wp-json\/wp\/v2\/pages\/8\/revisions"}],"predecessor-version":[{"id":238,"href":"http:\/\/itibana.com.br\/index.php\/wp-json\/wp\/v2\/pages\/8\/revisions\/238"}],"wp:featuredmedia":[{"embeddable":true,"href":"http:\/\/itibana.com.br\/index.php\/wp-json\/wp\/v2\/media\/78"}],"wp:attachment":[{"href":"http:\/\/itibana.com.br\/index.php\/wp-json\/wp\/v2\/media?parent=8"}],"curies":[{"name":"wp","href":"https:\/\/api.w.org\/{rel}","templated":true}]}}