{"id":9,"date":"2018-10-24T09:24:23","date_gmt":"2018-10-24T12:24:23","guid":{"rendered":"http:\/\/itibana.com.br\/?page_id=9"},"modified":"2020-07-31T10:21:15","modified_gmt":"2020-07-31T13:21:15","slug":"sobre","status":"publish","type":"page","link":"http:\/\/itibana.com.br\/index.php\/sobre\/","title":{"rendered":"Nossa Hist\u00f3ria"},"content":{"rendered":"<p>A Itibana Hortifruti come\u00e7ou a atuar na regi\u00e3o de Catanduva no in\u00edcio dos anos 2000, hoje atendemos clientes nas regi\u00f5es de Catanduva, Ol\u00edmpia, Barretos, Bauru, Ribeir\u00e3o Preto, S\u00e3o Paulo e Curitiba. Nossa banana vem da regi\u00e3o do Vale do Ribeira no litoral sul do Estado de S\u00e3o Paulo, s\u00e3o bananas de qualidade e com um diferencial, o sabor.<br \/>\nEntre em contato conosco e saiba mais sobre a disponibilidade de entrega na sua cidade, teremos o maior prazer em atend\u00ea-lo!<\/p>\n","protected":false},"excerpt":{"rendered":"<p>A Itibana Hortifruti come\u00e7ou a atuar na regi\u00e3o de Catanduva no in\u00edcio dos anos 2000, hoje atendemos clientes nas regi\u00f5es de Catanduva, Ol\u00edmpia, Barretos, Bauru, Ribeir\u00e3o Preto, S\u00e3o Paulo e Curitiba. Nossa banana vem da regi\u00e3o do Vale do Ribeira no litoral sul do Estado de S\u00e3o Paulo, s\u00e3o bananas<\/p>\n","protected":false},"author":1,"featured_media":39,"parent":0,"menu_order":0,"comment_status":"closed","ping_status":"closed","template":"","meta":{"footnotes":""},"_links":{"self":[{"href":"http:\/\/itibana.com.br\/index.php\/wp-json\/wp\/v2\/pages\/9"}],"collection":[{"href":"http:\/\/itibana.com.br\/index.php\/wp-json\/wp\/v2\/pages"}],"about":[{"href":"http:\/\/itibana.com.br\/index.php\/wp-json\/wp\/v2\/types\/page"}],"author":[{"embeddable":true,"href":"http:\/\/itibana.com.br\/index.php\/wp-json\/wp\/v2\/users\/1"}],"replies":[{"embeddable":true,"href":"http:\/\/itibana.com.br\/index.php\/wp-json\/wp\/v2\/comments?post=9"}],"version-history":[{"count":5,"href":"http:\/\/itibana.com.br\/index.php\/wp-json\/wp\/v2\/pages\/9\/revisions"}],"predecessor-version":[{"id":200,"href":"http:\/\/itibana.com.br\/index.php\/wp-json\/wp\/v2\/pages\/9\/revisions\/200"}],"wp:featuredmedia":[{"embeddable":true,"href":"http:\/\/itibana.com.br\/index.php\/wp-json\/wp\/v2\/media\/39"}],"wp:attachment":[{"href":"http:\/\/itibana.com.br\/index.php\/wp-json\/wp\/v2\/media?parent=9"}],"curies":[{"name":"wp","href":"https:\/\/api.w.org\/{rel}","templated":true}]}}